{"id":9346,"date":"2021-11-05T18:32:17","date_gmt":"2021-11-05T17:32:17","guid":{"rendered":"https:\/\/www.batflex.com\/empresa\/codice-etico\/"},"modified":"2023-03-13T16:47:12","modified_gmt":"2023-03-13T15:47:12","slug":"codigo-etico","status":"publish","type":"page","link":"https:\/\/www.batflex.com\/es\/empresa\/codigo-etico\/","title":{"rendered":"C\u00f3digo \u00e9tico"},"content":{"rendered":"<div class=\"wpb-content-wrapper\"><p>[vc_row full_width=&#8221;stretch_row&#8221; css=&#8221;.vc_custom_1672915785483{margin-top: -1px !important;margin-bottom: 100px !important;background-image: url(https:\/\/www.batflex.com\/wp-content\/uploads\/2023\/01\/header_CodiceEtico02.jpg?id=7798) !important;background-position: center !important;background-repeat: no-repeat !important;background-size: cover !important;}&#8221; el_class=&#8221;header_title&#8221;][vc_column][vc_custom_heading source=&#8221;post_title&#8221; font_container=&#8221;tag:h1|text_align:left&#8221; use_theme_fonts=&#8221;yes&#8221; css=&#8221;.vc_custom_1636728630945{margin-top: 0px !important;margin-right: 0px !important;margin-bottom: 0px !important;margin-left: 0px !important;}&#8221;][\/vc_column][\/vc_row][vc_row equal_height=&#8221;yes&#8221; content_placement=&#8221;middle&#8221; css=&#8221;.vc_custom_1553066334122{margin-bottom: 112px !important;}&#8221;][vc_column width=&#8221;2\/3&#8243; css=&#8221;.vc_custom_1553065381758{padding-top: 30px !important;padding-right: 10% !important;padding-bottom: 30px !important;}&#8221;][vc_custom_heading text=&#8221;C\u00f3digo \u00e9tico&#8221; font_container=&#8221;tag:h3|text_align:left&#8221; use_theme_fonts=&#8221;yes&#8221; el_class=&#8221;h_sottotitolo&#8221;][vc_custom_heading text=&#8221;Nuestro compromiso con el medioambiente&#8221; font_container=&#8221;tag:h2|font_size:34px|text_align:left|line_height:36px&#8221; use_theme_fonts=&#8221;yes&#8221; css=&#8221;.vc_custom_1678721907200{margin-bottom: 30px !important;}&#8221;][vc_column_text]<strong class=\"focus\">Batflex<\/strong> opera con la conciencia de que no se realiza un aut\u00e9ntico progreso sin la debida atenci\u00f3n al fr\u00e1gil planeta que nos acoge.<\/p>\n<p>Por eso hemos instalado en nuestra sede un <strong>moderno sistema fotovoltaico<\/strong> que satisface en gran parte nuestras necesidades energ\u00e9ticas: en t\u00e9rminos pr\u00e1cticos, todas nuestras mosquiteras y todas nuestras persianas enrollables se realizan aprovechando la energ\u00eda proveniente del sol, una de las m\u00e1s importantes fuentes de energ\u00eda renovable.<\/p>\n<p>&#8220;<strong>Nos preocupamos no solo por nuestros productos, sino tambi\u00e9n por la forma en que los fabricamos. Preservando el entorno en el que vivimos mejoraremos las condiciones de vida de las casas que protegen nuestras mosquiteras y persianas<\/strong>&#8220;.[\/vc_column_text][\/vc_column][vc_column width=&#8221;1\/3&#8243;][vc_single_image image=&#8221;2259&#8243; img_size=&#8221;full&#8221; css=&#8221;.vc_custom_1636711230398{margin-bottom: 0px !important;}&#8221;][\/vc_column][\/vc_row][vc_row full_width=&#8221;stretch_row_content&#8221;][vc_column]<div class=\"templatera_shortcode\"><div data-vc-full-width=\"true\" data-vc-full-width-init=\"false\" data-vc-stretch-content=\"true\" class=\"vc_row wpb_row vc_row-fluid padding_0 vc_custom_1636729597857\"><div class=\"no-container\"><div class=\"wpb_column vc_column_container vc_col-sm-6 vc_col-lg-3 vc_col-md-6\"><div class=\"vc_column-inner  vc_custom_1552036180746\"><div class=\"wpb_wrapper\">\r\n        <div class=\"nxl_service_box layout4\">\r\n            <div class=\"nxl_service_box_inner\">\r\n                                                                                    <img loading=\"lazy\" decoding=\"async\" width=\"839\" height=\"1070\" src=\"https:\/\/www.batflex.com\/wp-content\/uploads\/2021\/11\/pagemenu_chisiamo-1.jpg\" class=\"nxl_service_box_img attachment-full\" alt=\"\" title=\"menu chi siamo\" \/>                                    \r\n                <div class=\"nxl_service_box_content\">\r\n                                                                    <h1 class=\"nxl_service_box_heading\">Qui\u00e9nes somos<\/h1>\r\n                                                                <div class=\"nxl_content_bt\">\r\n                                                                            <div class=\"nxl_service_box_description\">Fundada en 1980 como taller artesanal, Batflex es hoy una moderna industria que se desenvuelve a nivel mundial en el sector de las mosquiteras.<\/div>\r\n                        \r\n                        <a class=\"nxl_service_boxbutton\" href=\"\/es\/empresa\/quienes-somos\/\" title=\"Qui\u00e9nes somos\"><span>Qui\u00e9nes somos<\/span><\/a>                                            <\/div>\r\n                                                    <\/div>\r\n                \r\n            <\/div>\r\n        <\/div>\r\n        <\/div><\/div><\/div><div class=\"wpb_column vc_column_container vc_col-sm-6 vc_col-lg-3 vc_col-md-6\"><div class=\"vc_column-inner  vc_custom_1552036185397\"><div class=\"wpb_wrapper\">\r\n        <div class=\"nxl_service_box layout4\">\r\n            <div class=\"nxl_service_box_inner\">\r\n                                                                                    <img loading=\"lazy\" decoding=\"async\" width=\"839\" height=\"1070\" src=\"https:\/\/www.batflex.com\/wp-content\/uploads\/2021\/11\/pagemenu_job.jpg\" class=\"nxl_service_box_img attachment-full\" alt=\"\" title=\"menu job\" \/>                                    \r\n                <div class=\"nxl_service_box_content\">\r\n                                                                    <h1 class=\"nxl_service_box_heading\">Trabaja con nosotros<\/h1>\r\n                                                                <div class=\"nxl_content_bt\">\r\n                                                                            <div class=\"nxl_service_box_description\">La b\u00fasqueda de personal de Batflex est\u00e1 siempre activa para todos nuestros departamentos, tanto para la producci\u00f3n como para las funciones comerciales y administrativas. Presenta tu candidatura.<\/div>\r\n                        \r\n                        <a class=\"nxl_service_boxbutton\" href=\"\/es\/empresa\/trabaja-con-nosotros\/\" title=\"Trabaja con nosotros\"><span>Trabaja con nosotros<\/span><\/a>                                            <\/div>\r\n                                                    <\/div>\r\n                \r\n            <\/div>\r\n        <\/div>\r\n        <\/div><\/div><\/div><div class=\"wpb_column vc_column_container vc_col-sm-6 vc_col-lg-3 vc_col-md-6\"><div class=\"vc_column-inner  vc_custom_1552036189590\"><div class=\"wpb_wrapper\">\r\n        <div class=\"nxl_service_box layout4\">\r\n            <div class=\"nxl_service_box_inner\">\r\n                                                                                    <img loading=\"lazy\" decoding=\"async\" width=\"839\" height=\"1070\" src=\"https:\/\/www.batflex.com\/wp-content\/uploads\/2021\/11\/pagemenu_download.jpg\" class=\"nxl_service_box_img attachment-full\" alt=\"\" title=\"menu download\" \/>                                    \r\n                <div class=\"nxl_service_box_content\">\r\n                                                                    <h1 class=\"nxl_service_box_heading\">\u00c1rea de descargas<\/h1>\r\n                                                                <div class=\"nxl_content_bt\">\r\n                                                                            <div class=\"nxl_service_box_description\">Descarga libremente nuestro material de presentaci\u00f3n.<\/div>\r\n                        \r\n                        <a class=\"nxl_service_boxbutton\" href=\"\/es\/area-de-descargas\/\" title=\"\u00c1rea de descargas\"><span>\u00c1rea de descargas<\/span><\/a>                                            <\/div>\r\n                                                    <\/div>\r\n                \r\n            <\/div>\r\n        <\/div>\r\n        <\/div><\/div><\/div><div class=\"wpb_column vc_column_container vc_col-sm-6 vc_col-lg-3 vc_col-md-6\"><div class=\"vc_column-inner  vc_custom_1552036194435\"><div class=\"wpb_wrapper\">\r\n        <div class=\"nxl_service_box layout4\">\r\n            <div class=\"nxl_service_box_inner\">\r\n                                                                                    <img loading=\"lazy\" decoding=\"async\" width=\"839\" height=\"1070\" src=\"https:\/\/www.batflex.com\/wp-content\/uploads\/2021\/11\/pagemenu_partners.jpg\" class=\"nxl_service_box_img attachment-full\" alt=\"\" title=\"menu partners\" \/>                                    \r\n                <div class=\"nxl_service_box_content\">\r\n                                                                    <h1 class=\"nxl_service_box_heading\">Hazte socio<\/h1>\r\n                                                                <div class=\"nxl_content_bt\">\r\n                                                                            <div class=\"nxl_service_box_description\">Si eres un distribuidor o un negocio del sector \u00fanase a nuestra red.<\/div>\r\n                        \r\n                        <a class=\"nxl_service_boxbutton\" href=\"\/es\/partners\/\" title=\"Hazte socio\"><span>Hazte socio<\/span><\/a>                                            <\/div>\r\n                                                    <\/div>\r\n                \r\n            <\/div>\r\n        <\/div>\r\n        <\/div><\/div><\/div><\/div><\/div><div class=\"vc_row-full-width vc_clearfix\"><\/div>\r\n<\/div>[\/vc_column][\/vc_row][vc_row][vc_column]<div class=\"templatera_shortcode\"><div data-vc-full-width=\"true\" data-vc-full-width-init=\"false\" data-vc-stretch-content=\"true\" class=\"vc_row wpb_row vc_row-fluid box_links vc_custom_1634899295645 vc_row-has-fill\"><div class=\"container\"><div class=\"wpb_column vc_column_container vc_col-sm-3\"><div class=\"vc_column-inner\"><div class=\"wpb_wrapper\"><div class=\"vc_icon_element vc_icon_element-outer vc_do_icon vc_icon_element-align-center\"><div class=\"vc_icon_element-inner vc_icon_element-color-custom vc_icon_element-size-md vc_icon_element-style- vc_icon_element-background-color-grey\" ><span class=\"vc_icon_element-icon far fa-comments\" ><\/span><a class=\"vc_icon_element-link\" href=\"\/es\/contacto\/\"  title=\"Atenci\u00f3n al Cliente\" target=\"_self\"><\/a><\/div><\/div><h3 style=\"text-align: center\" class=\"vc_custom_heading vc_do_custom_heading\" ><a href=\"\/es\/contacto\/\" title=\"Atenci\u00f3n al Cliente\">Atenci\u00f3n al Cliente<\/a><\/h3><\/div><\/div><\/div><div class=\"wpb_column vc_column_container vc_col-sm-3\"><div class=\"vc_column-inner\"><div class=\"wpb_wrapper\"><div class=\"vc_icon_element vc_icon_element-outer vc_do_icon vc_icon_element-align-center\"><div class=\"vc_icon_element-inner vc_icon_element-color-custom vc_icon_element-size-md vc_icon_element-style- vc_icon_element-background-color-grey\" ><span class=\"vc_icon_element-icon far fa-file-pdf\" ><\/span><a class=\"vc_icon_element-link\" href=\"\/es\/area-de-descargas\/\"  title=\"\u00c1rea de descargas\" target=\"_self\"><\/a><\/div><\/div><h3 style=\"text-align: center\" class=\"vc_custom_heading vc_do_custom_heading\" ><a href=\"\/es\/area-de-descargas\/\" title=\"\u00c1rea de descargas\">\u00c1rea de descargas<\/a><\/h3><\/div><\/div><\/div><div class=\"wpb_column vc_column_container vc_col-sm-3\"><div class=\"vc_column-inner\"><div class=\"wpb_wrapper\"><div class=\"vc_icon_element vc_icon_element-outer vc_do_icon vc_icon_element-align-center\"><div class=\"vc_icon_element-inner vc_icon_element-color-custom vc_icon_element-size-md vc_icon_element-style- vc_icon_element-background-color-grey\" ><span class=\"vc_icon_element-icon far fa-handshake\" ><\/span><a class=\"vc_icon_element-link\" href=\"\/es\/partners\/\"  title=\"Hazte socio\" target=\"_self\"><\/a><\/div><\/div><h3 style=\"text-align: center\" class=\"vc_custom_heading vc_do_custom_heading\" ><a href=\"\/es\/partners\/\" title=\"Hazte socio\">Hazte socio<\/a><\/h3><\/div><\/div><\/div><div class=\"wpb_column vc_column_container vc_col-sm-3\"><div class=\"vc_column-inner\"><div class=\"wpb_wrapper\"><div class=\"vc_icon_element vc_icon_element-outer vc_do_icon vc_icon_element-align-center\"><div class=\"vc_icon_element-inner vc_icon_element-color-custom vc_icon_element-size-md vc_icon_element-style- vc_icon_element-background-color-grey\" ><span class=\"vc_icon_element-icon far fa-newspaper\" ><\/span><a class=\"vc_icon_element-link\" href=\"\/es\/noticias-y-eventos\/\"  title=\"Noticias\" target=\"_self\"><\/a><\/div><\/div><h3 style=\"text-align: center\" class=\"vc_custom_heading vc_do_custom_heading\" ><a href=\"\/es\/noticias-y-eventos\/\" title=\"Noticias\">Noticias<\/a><\/h3><\/div><\/div><\/div><\/div><\/div><div class=\"vc_row-full-width vc_clearfix\"><\/div>\r\n<\/div>[\/vc_column][\/vc_row][vc_row full_width=&#8221;stretch_row&#8221; css=&#8221;.vc_custom_1636133310330{background-color: #e30613 !important;}&#8221;][vc_column]<div class=\"templatera_shortcode\"><div class=\"vc_row wpb_row vc_row-fluid box_registrazione1 vc_custom_1636133295744\"><div class=\"container\"><div class=\"padding_02 wpb_column vc_column_container vc_col-sm-6\"><div class=\"vc_column-inner  vc_custom_1552014043420\"><div class=\"wpb_wrapper\"><h2 style=\"text-align: left\" class=\"vc_custom_heading vc_do_custom_heading vc_custom_1678710465398\" >REGISTRO<\/h2>\n\t<div class=\"wpb_text_column wpb_content_element vc_custom_1678710478928\" >\n\t\t<div class=\"wpb_wrapper\">\n\t\t\t<p>Si eres un instalador o una ferreter\u00eda y est\u00e1s interesado en acceder a la informaci\u00f3n t\u00e9cnica dedicada a ti.<\/p>\n\n\t\t<\/div>\n\t<\/div>\n<\/div><\/div><\/div><div class=\"wpb_column vc_column_container vc_col-sm-6\"><div class=\"vc_column-inner\"><div class=\"wpb_wrapper\">\n<div class=\"wpcf7 no-js\" id=\"wpcf7-f9321-o1\" lang=\"es-ES\" dir=\"ltr\" data-wpcf7-id=\"9321\">\n<div class=\"screen-reader-response\"><p role=\"status\" aria-live=\"polite\" aria-atomic=\"true\"><\/p> <ul><\/ul><\/div>\n<form action=\"\/es\/wp-json\/wp\/v2\/pages\/9346#wpcf7-f9321-o1\" method=\"post\" class=\"wpcf7-form init\" aria-label=\"Formulario de contacto\" novalidate=\"novalidate\" data-status=\"init\">\n<fieldset class=\"hidden-fields-container\"><input type=\"hidden\" name=\"_wpcf7\" value=\"9321\" \/><input type=\"hidden\" name=\"_wpcf7_version\" value=\"6.1.5\" \/><input type=\"hidden\" name=\"_wpcf7_locale\" value=\"es_ES\" \/><input type=\"hidden\" name=\"_wpcf7_unit_tag\" value=\"wpcf7-f9321-o1\" \/><input type=\"hidden\" name=\"_wpcf7_container_post\" value=\"0\" \/><input type=\"hidden\" name=\"_wpcf7_posted_data_hash\" value=\"\" \/>\n<\/fieldset>\n<p><span class=\"wpcf7-form-control-wrap\" data-name=\"reg_cognome\"><input size=\"40\" maxlength=\"400\" class=\"wpcf7-form-control wpcf7-text wpcf7-validates-as-required\" aria-required=\"true\" aria-invalid=\"false\" placeholder=\"Apellidos\" value=\"\" type=\"text\" name=\"reg_cognome\" \/><\/span><br \/>\n<span class=\"wpcf7-form-control-wrap\" data-name=\"reg_nome\"><input size=\"40\" maxlength=\"400\" class=\"wpcf7-form-control wpcf7-text wpcf7-validates-as-required\" aria-required=\"true\" aria-invalid=\"false\" placeholder=\"Nombre\" value=\"\" type=\"text\" name=\"reg_nome\" \/><\/span><br \/>\n<span class=\"wpcf7-form-control-wrap\" data-name=\"reg_email\"><input size=\"40\" maxlength=\"400\" class=\"wpcf7-form-control wpcf7-email wpcf7-validates-as-required wpcf7-text wpcf7-validates-as-email\" aria-required=\"true\" aria-invalid=\"false\" placeholder=\"Email\" value=\"\" type=\"email\" name=\"reg_email\" \/><\/span><br \/>\n<input class=\"wpcf7-form-control wpcf7-submit has-spinner\" type=\"submit\" value=\"REGISTRAME\" \/>\n<\/p><p style=\"display: none !important;\" class=\"akismet-fields-container\" data-prefix=\"_wpcf7_ak_\"><label>&#916;<textarea name=\"_wpcf7_ak_hp_textarea\" cols=\"45\" rows=\"8\" maxlength=\"100\"><\/textarea><\/label><input type=\"hidden\" id=\"ak_js_1\" name=\"_wpcf7_ak_js\" value=\"74\"\/><script>document.getElementById( \"ak_js_1\" ).setAttribute( \"value\", ( new Date() ).getTime() );<\/script><\/p><div class=\"wpcf7-response-output\" aria-hidden=\"true\"><\/div>\n<\/form>\n<\/div>\n<\/div><\/div><\/div><\/div><\/div>\r\n<\/div>[\/vc_column][\/vc_row]<\/p>\n<\/div>","protected":false},"excerpt":{"rendered":"REGISTRO Si eres un instalador o una ferreter\u00eda y est\u00e1s interesado en acceder a la informaci\u00f3n t\u00e9cnica dedicada a ti. &#916;","protected":false},"author":1,"featured_media":0,"parent":9337,"menu_order":0,"comment_status":"closed","ping_status":"closed","template":"","meta":{"_acf_changed":false,"inline_featured_image":false,"footnotes":""},"class_list":["post-9346","page","type-page","status-publish","hentry"],"acf":[],"yoast_head":"<!-- This site is optimized with the Yoast SEO plugin v27.4 - https:\/\/yoast.com\/product\/yoast-seo-wordpress\/ -->\n<title>C\u00f3digo \u00e9tico - Batflex<\/title>\n<meta name=\"description\" content=\"Batflex opera nella consapevolezza che non ci sia progresso e miglioramento reale senza la giusta attenzione al Pianeta che ci ospita.\" \/>\n<meta name=\"robots\" content=\"index, follow, max-snippet:-1, max-image-preview:large, max-video-preview:-1\" \/>\n<link rel=\"canonical\" href=\"https:\/\/www.batflex.com\/es\/empresa\/codigo-etico\/\" \/>\n<meta property=\"og:locale\" content=\"es_ES\" \/>\n<meta property=\"og:type\" content=\"article\" \/>\n<meta property=\"og:title\" content=\"C\u00f3digo \u00e9tico - Batflex\" \/>\n<meta property=\"og:description\" content=\"Batflex opera nella consapevolezza che non ci sia progresso e miglioramento reale senza la giusta attenzione al Pianeta che ci ospita.\" \/>\n<meta property=\"og:url\" content=\"https:\/\/www.batflex.com\/es\/empresa\/codigo-etico\/\" \/>\n<meta property=\"og:site_name\" content=\"Batflex\" \/>\n<meta property=\"article:publisher\" content=\"https:\/\/www.facebook.com\/BatflexZanzariere\" \/>\n<meta property=\"article:modified_time\" content=\"2023-03-13T15:47:12+00:00\" \/>\n<meta name=\"twitter:card\" content=\"summary_large_image\" \/>\n<meta name=\"twitter:label1\" content=\"Tiempo de lectura\" \/>\n\t<meta name=\"twitter:data1\" content=\"1 minuto\" \/>\n<script type=\"application\/ld+json\" class=\"yoast-schema-graph\">{\"@context\":\"https:\\\/\\\/schema.org\",\"@graph\":[{\"@type\":\"WebPage\",\"@id\":\"https:\\\/\\\/www.batflex.com\\\/es\\\/empresa\\\/codigo-etico\\\/\",\"url\":\"https:\\\/\\\/www.batflex.com\\\/es\\\/empresa\\\/codigo-etico\\\/\",\"name\":\"C\u00f3digo \u00e9tico - Batflex\",\"isPartOf\":{\"@id\":\"https:\\\/\\\/www.batflex.com\\\/es\\\/#website\"},\"datePublished\":\"2021-11-05T17:32:17+00:00\",\"dateModified\":\"2023-03-13T15:47:12+00:00\",\"description\":\"Batflex opera nella consapevolezza che non ci sia progresso e miglioramento reale senza la giusta attenzione al Pianeta che ci ospita.\",\"breadcrumb\":{\"@id\":\"https:\\\/\\\/www.batflex.com\\\/es\\\/empresa\\\/codigo-etico\\\/#breadcrumb\"},\"inLanguage\":\"es\",\"potentialAction\":[{\"@type\":\"ReadAction\",\"target\":[\"https:\\\/\\\/www.batflex.com\\\/es\\\/empresa\\\/codigo-etico\\\/\"]}]},{\"@type\":\"BreadcrumbList\",\"@id\":\"https:\\\/\\\/www.batflex.com\\\/es\\\/empresa\\\/codigo-etico\\\/#breadcrumb\",\"itemListElement\":[{\"@type\":\"ListItem\",\"position\":1,\"name\":\"Home\",\"item\":\"https:\\\/\\\/www.batflex.com\\\/es\\\/\"},{\"@type\":\"ListItem\",\"position\":2,\"name\":\"Empresa\",\"item\":\"https:\\\/\\\/www.batflex.com\\\/es\\\/empresa\\\/\"},{\"@type\":\"ListItem\",\"position\":3,\"name\":\"C\u00f3digo \u00e9tico\"}]},{\"@type\":\"WebSite\",\"@id\":\"https:\\\/\\\/www.batflex.com\\\/es\\\/#website\",\"url\":\"https:\\\/\\\/www.batflex.com\\\/es\\\/\",\"name\":\"Batflex Zanzariere\",\"description\":\"Zanzariere e avvolgibili di alta qualit\u00e0 per la casa\",\"publisher\":{\"@id\":\"https:\\\/\\\/www.batflex.com\\\/es\\\/#organization\"},\"potentialAction\":[{\"@type\":\"SearchAction\",\"target\":{\"@type\":\"EntryPoint\",\"urlTemplate\":\"https:\\\/\\\/www.batflex.com\\\/es\\\/?s={search_term_string}\"},\"query-input\":{\"@type\":\"PropertyValueSpecification\",\"valueRequired\":true,\"valueName\":\"search_term_string\"}}],\"inLanguage\":\"es\"},{\"@type\":\"Organization\",\"@id\":\"https:\\\/\\\/www.batflex.com\\\/es\\\/#organization\",\"name\":\"Batflex\",\"url\":\"https:\\\/\\\/www.batflex.com\\\/es\\\/\",\"logo\":{\"@type\":\"ImageObject\",\"inLanguage\":\"es\",\"@id\":\"https:\\\/\\\/www.batflex.com\\\/es\\\/#\\\/schema\\\/logo\\\/image\\\/\",\"url\":\"https:\\\/\\\/www.batflex.com\\\/wp-content\\\/uploads\\\/2021\\\/10\\\/logo_batflex.svg\",\"contentUrl\":\"https:\\\/\\\/www.batflex.com\\\/wp-content\\\/uploads\\\/2021\\\/10\\\/logo_batflex.svg\",\"width\":\"1024\",\"height\":\"1024\",\"caption\":\"Batflex\"},\"image\":{\"@id\":\"https:\\\/\\\/www.batflex.com\\\/es\\\/#\\\/schema\\\/logo\\\/image\\\/\"},\"sameAs\":[\"https:\\\/\\\/www.facebook.com\\\/BatflexZanzariere\",\"https:\\\/\\\/www.linkedin.com\\\/company\\\/batflex\",\"https:\\\/\\\/www.youtube.com\\\/channel\\\/UCgNAsgfOcDxQX-dTZqKkfrg\",\"https:\\\/\\\/www.instagram.com\\\/batflex\\\/\"]}]}<\/script>\n<!-- \/ Yoast SEO plugin. -->","yoast_head_json":{"title":"C\u00f3digo \u00e9tico - Batflex","description":"Batflex opera nella consapevolezza che non ci sia progresso e miglioramento reale senza la giusta attenzione al Pianeta che ci ospita.","robots":{"index":"index","follow":"follow","max-snippet":"max-snippet:-1","max-image-preview":"max-image-preview:large","max-video-preview":"max-video-preview:-1"},"canonical":"https:\/\/www.batflex.com\/es\/empresa\/codigo-etico\/","og_locale":"es_ES","og_type":"article","og_title":"C\u00f3digo \u00e9tico - Batflex","og_description":"Batflex opera nella consapevolezza che non ci sia progresso e miglioramento reale senza la giusta attenzione al Pianeta che ci ospita.","og_url":"https:\/\/www.batflex.com\/es\/empresa\/codigo-etico\/","og_site_name":"Batflex","article_publisher":"https:\/\/www.facebook.com\/BatflexZanzariere","article_modified_time":"2023-03-13T15:47:12+00:00","twitter_card":"summary_large_image","twitter_misc":{"Tiempo de lectura":"1 minuto"},"schema":{"@context":"https:\/\/schema.org","@graph":[{"@type":"WebPage","@id":"https:\/\/www.batflex.com\/es\/empresa\/codigo-etico\/","url":"https:\/\/www.batflex.com\/es\/empresa\/codigo-etico\/","name":"C\u00f3digo \u00e9tico - Batflex","isPartOf":{"@id":"https:\/\/www.batflex.com\/es\/#website"},"datePublished":"2021-11-05T17:32:17+00:00","dateModified":"2023-03-13T15:47:12+00:00","description":"Batflex opera nella consapevolezza che non ci sia progresso e miglioramento reale senza la giusta attenzione al Pianeta che ci ospita.","breadcrumb":{"@id":"https:\/\/www.batflex.com\/es\/empresa\/codigo-etico\/#breadcrumb"},"inLanguage":"es","potentialAction":[{"@type":"ReadAction","target":["https:\/\/www.batflex.com\/es\/empresa\/codigo-etico\/"]}]},{"@type":"BreadcrumbList","@id":"https:\/\/www.batflex.com\/es\/empresa\/codigo-etico\/#breadcrumb","itemListElement":[{"@type":"ListItem","position":1,"name":"Home","item":"https:\/\/www.batflex.com\/es\/"},{"@type":"ListItem","position":2,"name":"Empresa","item":"https:\/\/www.batflex.com\/es\/empresa\/"},{"@type":"ListItem","position":3,"name":"C\u00f3digo \u00e9tico"}]},{"@type":"WebSite","@id":"https:\/\/www.batflex.com\/es\/#website","url":"https:\/\/www.batflex.com\/es\/","name":"Batflex Zanzariere","description":"Zanzariere e avvolgibili di alta qualit\u00e0 per la casa","publisher":{"@id":"https:\/\/www.batflex.com\/es\/#organization"},"potentialAction":[{"@type":"SearchAction","target":{"@type":"EntryPoint","urlTemplate":"https:\/\/www.batflex.com\/es\/?s={search_term_string}"},"query-input":{"@type":"PropertyValueSpecification","valueRequired":true,"valueName":"search_term_string"}}],"inLanguage":"es"},{"@type":"Organization","@id":"https:\/\/www.batflex.com\/es\/#organization","name":"Batflex","url":"https:\/\/www.batflex.com\/es\/","logo":{"@type":"ImageObject","inLanguage":"es","@id":"https:\/\/www.batflex.com\/es\/#\/schema\/logo\/image\/","url":"https:\/\/www.batflex.com\/wp-content\/uploads\/2021\/10\/logo_batflex.svg","contentUrl":"https:\/\/www.batflex.com\/wp-content\/uploads\/2021\/10\/logo_batflex.svg","width":"1024","height":"1024","caption":"Batflex"},"image":{"@id":"https:\/\/www.batflex.com\/es\/#\/schema\/logo\/image\/"},"sameAs":["https:\/\/www.facebook.com\/BatflexZanzariere","https:\/\/www.linkedin.com\/company\/batflex","https:\/\/www.youtube.com\/channel\/UCgNAsgfOcDxQX-dTZqKkfrg","https:\/\/www.instagram.com\/batflex\/"]}]}},"jetpack_sharing_enabled":true,"_links":{"self":[{"href":"https:\/\/www.batflex.com\/es\/wp-json\/wp\/v2\/pages\/9346","targetHints":{"allow":["GET"]}}],"collection":[{"href":"https:\/\/www.batflex.com\/es\/wp-json\/wp\/v2\/pages"}],"about":[{"href":"https:\/\/www.batflex.com\/es\/wp-json\/wp\/v2\/types\/page"}],"author":[{"embeddable":true,"href":"https:\/\/www.batflex.com\/es\/wp-json\/wp\/v2\/users\/1"}],"replies":[{"embeddable":true,"href":"https:\/\/www.batflex.com\/es\/wp-json\/wp\/v2\/comments?post=9346"}],"version-history":[{"count":2,"href":"https:\/\/www.batflex.com\/es\/wp-json\/wp\/v2\/pages\/9346\/revisions"}],"predecessor-version":[{"id":9350,"href":"https:\/\/www.batflex.com\/es\/wp-json\/wp\/v2\/pages\/9346\/revisions\/9350"}],"up":[{"embeddable":true,"href":"https:\/\/www.batflex.com\/es\/wp-json\/wp\/v2\/pages\/9337"}],"wp:attachment":[{"href":"https:\/\/www.batflex.com\/es\/wp-json\/wp\/v2\/media?parent=9346"}],"curies":[{"name":"wp","href":"https:\/\/api.w.org\/{rel}","templated":true}]}}